{"id":7517,"date":"2019-09-11T11:05:02","date_gmt":"2019-09-11T09:05:02","guid":{"rendered":"https:\/\/www.residence-venus.com\/?page_id=7517"},"modified":"2025-02-03T09:10:39","modified_gmt":"2025-02-03T08:10:39","slug":"home","status":"publish","type":"page","link":"https:\/\/www.residence-venus.com\/de\/","title":{"rendered":"Home"},"content":{"rendered":"<section class=\"l-section wpb_row height_auto\"><div class=\"l-section-h i-cf\"><div class=\"g-cols vc_row via_flex valign_top type_default stacking_default\"><div class=\"vc_col-sm-12 wpb_column vc_column_container\"><div class=\"vc_column-inner\"><div class=\"wpb_wrapper\">\n\t\t\t<!-- START Slider 1 REVOLUTION SLIDER 6.7.25 --><p class=\"rs-p-wp-fix\"><\/p>\n\t\t\t<rs-module-wrap id=\"rev_slider_1_1_wrapper\" data-source=\"gallery\" style=\"visibility:hidden;background:transparent;padding:0;margin:0px auto;margin-top:0;margin-bottom:0;\">\n\t\t\t\t<rs-module id=\"rev_slider_1_1\" style=\"\" data-version=\"6.7.25\">\n\t\t\t\t\t<rs-slides style=\"overflow: hidden; position: absolute;\">\n\t\t\t\t\t\t<rs-slide style=\"position: absolute;\" data-key=\"rs-1\" data-title=\"Slide\" data-thumb=\"\/\/www.residence-venus.com\/wp-content\/uploads\/2019\/08\/slide-venus-01-50x100.jpg\" data-anim=\"ms:1000;r:0;\" data-in=\"o:0;\" data-out=\"a:false;\">\n\t\t\t\t\t\t\t<img decoding=\"async\" src=\"\/\/www.residence-venus.com\/wp-content\/plugins\/revslider\/sr6\/assets\/assets\/dummy.png\" alt=\"\" title=\"slide-venus-01\" width=\"1920\" height=\"1440\" class=\"rev-slidebg tp-rs-img rs-lazyload\" data-lazyload=\"\/\/www.residence-venus.com\/wp-content\/uploads\/2019\/08\/slide-venus-01.jpg\" data-no-retina>\n<!---->\t\t\t\t\t<\/rs-slide>\n\t\t\t\t\t\t<rs-slide style=\"position: absolute;\" data-key=\"rs-2\" data-title=\"Slide\" data-thumb=\"\/\/www.residence-venus.com\/wp-content\/uploads\/2019\/08\/slide-venus-02-50x100.jpg\" data-anim=\"ms:1000;r:0;\" data-in=\"o:0;\" data-out=\"a:false;\">\n\t\t\t\t\t\t\t<img decoding=\"async\" src=\"\/\/www.residence-venus.com\/wp-content\/plugins\/revslider\/sr6\/assets\/assets\/dummy.png\" alt=\"\" title=\"slide-venus-02\" width=\"1920\" height=\"1440\" class=\"rev-slidebg tp-rs-img rs-lazyload\" data-lazyload=\"\/\/www.residence-venus.com\/wp-content\/uploads\/2019\/08\/slide-venus-02.jpg\" data-no-retina>\n<!---->\t\t\t\t\t<\/rs-slide>\n\t\t\t\t\t\t<rs-slide style=\"position: absolute;\" data-key=\"rs-4\" data-title=\"Slide\" data-thumb=\"\/\/www.residence-venus.com\/wp-content\/uploads\/2019\/08\/slide-venus-04-50x100.jpg\" data-anim=\"ms:1000;r:0;\" data-in=\"o:0;\" data-out=\"a:false;\">\n\t\t\t\t\t\t\t<img decoding=\"async\" src=\"\/\/www.residence-venus.com\/wp-content\/plugins\/revslider\/sr6\/assets\/assets\/dummy.png\" alt=\"\" title=\"slide-venus-04\" width=\"1920\" height=\"1440\" class=\"rev-slidebg tp-rs-img rs-lazyload\" data-lazyload=\"\/\/www.residence-venus.com\/wp-content\/uploads\/2019\/08\/slide-venus-04.jpg\" data-no-retina>\n<!---->\t\t\t\t\t<\/rs-slide>\n\t\t\t\t\t\t<rs-slide style=\"position: absolute;\" data-key=\"rs-3\" data-title=\"Slide\" data-thumb=\"\/\/www.residence-venus.com\/wp-content\/uploads\/2019\/08\/slide-venus-05-50x100.jpg\" data-anim=\"ms:1000;r:0;\" data-in=\"o:0;\" data-out=\"a:false;\">\n\t\t\t\t\t\t\t<img decoding=\"async\" src=\"\/\/www.residence-venus.com\/wp-content\/plugins\/revslider\/sr6\/assets\/assets\/dummy.png\" alt=\"\" title=\"slide-venus-05\" width=\"1920\" height=\"1440\" class=\"rev-slidebg tp-rs-img rs-lazyload\" data-lazyload=\"\/\/www.residence-venus.com\/wp-content\/uploads\/2019\/08\/slide-venus-05.jpg\" data-no-retina>\n<!---->\t\t\t\t\t<\/rs-slide>\n\t\t\t\t\t\t<rs-slide style=\"position: absolute;\" data-key=\"rs-6\" data-title=\"Slide\" data-thumb=\"\/\/www.residence-venus.com\/wp-content\/uploads\/2019\/08\/slide-venus-06-50x100.jpg\" data-anim=\"ms:1000;r:0;\" data-in=\"o:0;\" data-out=\"a:false;\">\n\t\t\t\t\t\t\t<img decoding=\"async\" src=\"\/\/www.residence-venus.com\/wp-content\/plugins\/revslider\/sr6\/assets\/assets\/dummy.png\" alt=\"\" title=\"slide-venus-06\" width=\"1920\" height=\"1440\" class=\"rev-slidebg tp-rs-img rs-lazyload\" data-lazyload=\"\/\/www.residence-venus.com\/wp-content\/uploads\/2019\/08\/slide-venus-06.jpg\" data-no-retina>\n<!---->\t\t\t\t\t<\/rs-slide>\n\t\t\t\t\t\t<rs-slide style=\"position: absolute;\" data-key=\"rs-7\" data-title=\"Slide\" data-thumb=\"\/\/www.residence-venus.com\/wp-content\/uploads\/2019\/08\/slide-venus-07-50x100.jpg\" data-anim=\"ms:1000;r:0;\" data-in=\"o:0;\" data-out=\"a:false;\">\n\t\t\t\t\t\t\t<img decoding=\"async\" src=\"\/\/www.residence-venus.com\/wp-content\/plugins\/revslider\/sr6\/assets\/assets\/dummy.png\" alt=\"\" title=\"slide-venus-07\" width=\"1920\" height=\"1440\" class=\"rev-slidebg tp-rs-img rs-lazyload\" data-lazyload=\"\/\/www.residence-venus.com\/wp-content\/uploads\/2019\/08\/slide-venus-07.jpg\" data-no-retina>\n<!---->\t\t\t\t\t<\/rs-slide>\n\t\t\t\t\t\t<rs-slide style=\"position: absolute;\" data-key=\"rs-8\" data-title=\"Slide\" data-thumb=\"\/\/www.residence-venus.com\/wp-content\/uploads\/2019\/08\/slide-venus-08-50x100.jpg\" data-anim=\"ms:1000;r:0;\" data-in=\"o:0;\" data-out=\"a:false;\">\n\t\t\t\t\t\t\t<img decoding=\"async\" src=\"\/\/www.residence-venus.com\/wp-content\/plugins\/revslider\/sr6\/assets\/assets\/dummy.png\" alt=\"\" title=\"slide-venus-08\" width=\"1920\" height=\"1440\" class=\"rev-slidebg tp-rs-img rs-lazyload\" data-lazyload=\"\/\/www.residence-venus.com\/wp-content\/uploads\/2019\/08\/slide-venus-08.jpg\" data-no-retina>\n<!---->\t\t\t\t\t<\/rs-slide>\n\t\t\t\t\t\t<rs-slide style=\"position: absolute;\" data-key=\"rs-9\" data-title=\"Slide\" data-thumb=\"\/\/www.residence-venus.com\/wp-content\/uploads\/2019\/08\/slide-venus-09-50x100.jpg\" data-anim=\"ms:1000;r:0;\" data-in=\"o:0;\" data-out=\"a:false;\">\n\t\t\t\t\t\t\t<img decoding=\"async\" src=\"\/\/www.residence-venus.com\/wp-content\/plugins\/revslider\/sr6\/assets\/assets\/dummy.png\" alt=\"\" title=\"slide-venus-09\" width=\"1920\" height=\"1440\" class=\"rev-slidebg tp-rs-img rs-lazyload\" data-lazyload=\"\/\/www.residence-venus.com\/wp-content\/uploads\/2019\/08\/slide-venus-09.jpg\" data-no-retina>\n<!---->\t\t\t\t\t<\/rs-slide>\n\t\t\t\t\t\t<rs-slide style=\"position: absolute;\" data-key=\"rs-10\" data-title=\"Slide\" data-thumb=\"\/\/www.residence-venus.com\/wp-content\/uploads\/2019\/08\/slide-venus-010-50x100.jpg\" data-anim=\"ms:1000;r:0;\" data-in=\"o:0;\" data-out=\"a:false;\">\n\t\t\t\t\t\t\t<img decoding=\"async\" src=\"\/\/www.residence-venus.com\/wp-content\/plugins\/revslider\/sr6\/assets\/assets\/dummy.png\" alt=\"\" title=\"slide-venus-010\" width=\"1920\" height=\"1440\" class=\"rev-slidebg tp-rs-img rs-lazyload\" data-lazyload=\"\/\/www.residence-venus.com\/wp-content\/uploads\/2019\/08\/slide-venus-010.jpg\" data-no-retina>\n<!---->\t\t\t\t\t<\/rs-slide>\n\t\t\t\t\t<\/rs-slides>\n\t\t\t\t<\/rs-module>\n\t\t\t\t<script>\n\t\t\t\t\tsetREVStartSize({c: 'rev_slider_1_1',rl:[1240,1024,778,480],el:[900],gw:[1240],gh:[900],type:'standard',justify:'',layout:'fullwidth',mh:\"0\"});if (window.RS_MODULES!==undefined && window.RS_MODULES.modules!==undefined && window.RS_MODULES.modules[\"revslider11\"]!==undefined) {window.RS_MODULES.modules[\"revslider11\"].once = false;window.revapi1 = undefined;if (window.RS_MODULES.checkMinimal!==undefined) window.RS_MODULES.checkMinimal()}\n\t\t\t\t<\/script>\n\t\t\t<\/rs-module-wrap>\n\t\t\t<!-- END REVOLUTION SLIDER -->\n<\/div><\/div><\/div><\/div><\/div><\/section><section class=\"l-section wpb_row height_medium color_primary with_shape\"><div class=\"l-section-shape type_zigzag pos_bottom\" style=\"height:15vmin;\"><svg xmlns=\"http:\/\/www.w3.org\/2000\/svg\" viewBox=\"0 0 64 8\" preserveAspectRatio=\"none\" width=\"100%\" height=\"100%\">\r\n\t<path fill=\"currentColor\" d=\"M64 8 L0 8 L0 0 L20 7.9 L40 3 L48 5 L64 0 Z\"\/>\r\n<\/svg><\/div><div class=\"l-section-h i-cf\"><div class=\"g-cols vc_row via_flex valign_top type_default stacking_default\"><div class=\"vc_col-sm-12 wpb_column vc_column_container\"><div class=\"vc_column-inner\"><div class=\"wpb_wrapper\"><h1 class=\"w-itext type_zoomInChars align_center\" onclick='return {&quot;duration&quot;:50,&quot;delay&quot;:3000,&quot;disablePartAnimation&quot;:false,&quot;html_nbsp_char&quot;:true}'><span class=\"w-itext-part changesat_0 changesat_1 changesat_2 changesat_3 dynamic\" onclick='return [&quot;R\\u00e9sidence\\u00a0V\\u00e9nus&quot;,&quot;Ferienwohnungen\\u00a0***&quot;,&quot;Wochenende\\u00a0&amp;\\u00a0Woche&quot;,&quot;Eguisheim\\u00a0-\\u00a0Elsass&quot;]'><span>R&eacute;sidence&nbsp;V&eacute;nus<\/span><\/span><\/h1><div class=\"w-separator size_small\"><\/div><div class=\"w-separator size_custom\" style=\"height:12vh\"><\/div><\/div><\/div><\/div><\/div><\/div><\/section><section class=\"l-section wpb_row height_auto\"><div class=\"l-section-h i-cf\"><div class=\"g-cols vc_row via_flex valign_top type_default stacking_default\"><div class=\"vc_col-sm-4 wpb_column vc_column_container\"><div class=\"vc_column-inner\"><div class=\"wpb_wrapper\"><div class=\"w-separator size_large\"><\/div><div class=\"w-image style_circle align_none\"><a ref=\"magnificPopup\" href=\"https:\/\/www.residence-venus.com\/wp-content\/uploads\/2019\/08\/residence-venus-gite-eguisheim-055.jpg\" aria-label=\"residence-venus-gite-eguisheim-055\" class=\"w-image-h\"><img decoding=\"async\" width=\"1280\" height=\"960\" src=\"https:\/\/www.residence-venus.com\/wp-content\/uploads\/2019\/08\/residence-venus-gite-eguisheim-055.jpg\" class=\"attachment-full size-full\" alt=\"\" loading=\"lazy\" srcset=\"https:\/\/www.residence-venus.com\/wp-content\/uploads\/2019\/08\/residence-venus-gite-eguisheim-055.jpg 1280w, https:\/\/www.residence-venus.com\/wp-content\/uploads\/2019\/08\/residence-venus-gite-eguisheim-055-300x225.jpg 300w, https:\/\/www.residence-venus.com\/wp-content\/uploads\/2019\/08\/residence-venus-gite-eguisheim-055-1024x768.jpg 1024w\" sizes=\"auto, (max-width: 1280px) 100vw, 1280px\" \/><\/a><\/div><\/div><\/div><\/div><div class=\"vc_col-sm-8 wpb_column vc_column_container\"><div class=\"vc_column-inner\"><div class=\"wpb_wrapper\"><div class=\"w-separator size_large\"><\/div><div class=\"wpb_text_column\"><div class=\"wpb_wrapper\"><h2 style=\"text-align: center;\"><strong>EGUISHEIM<br \/>\nWiege des els\u00e4ssischen Weinberg<\/strong><\/h2>\n<\/div><\/div><div class=\"w-separator size_large\"><\/div><div class=\"wpb_text_column\"><div class=\"wpb_wrapper\"><p>Etwa 5 km s\u00fcdwestlich von Colmar, von einem breiten Rebeng\u00fcrtel umr\u00e4ndert, am Fusse des &#8222;Schlossbergs&#8220;, liegt Eguisheim, das zu den \u00e4ltesten St\u00e4dtchen im Elsa\u00df geh\u00f6rt&#8230;<\/p>\n<\/div><\/div><div class=\"w-separator size_large\"><\/div><\/div><\/div><\/div><\/div><\/div><\/section><section class=\"l-section wpb_row height_auto\"><div class=\"l-section-h i-cf\"><div class=\"g-cols vc_row via_flex valign_top type_default stacking_default\"><div class=\"vc_col-sm-12 wpb_column vc_column_container\"><div class=\"vc_column-inner\"><div class=\"wpb_wrapper\"><div class=\"w-separator size_large\"><\/div><div class=\"w-tabs style_default switch_click accordion has_scrolling\" style=\"--sections-title-size:1.4rem\"><div class=\"w-tabs-sections titles-align_center icon_none\"><div class=\"w-tabs-section\" id=\"1567078492975-0f4314ba-3824\"><button class=\"w-tabs-section-header\" aria-controls=\"content-1567078492975-0f4314ba-3824\" aria-expanded=\"false\"><h3 class=\"w-tabs-section-title\">+ ERFAHREN SIE MEHR \u00dcBER EGUISHEIM VILLAGE +<\/h3><div class=\"w-tabs-section-control\"><\/div><\/button><div  class=\"w-tabs-section-content\" id=\"content-1567078492975-0f4314ba-3824\"><div class=\"w-tabs-section-content-h i-cf\"><div class=\"wpb_text_column\"><div class=\"wpb_wrapper\"><h1 style=\"text-align: center;\">EGUISHEIM &#8211; ZW\u00d6LF JAHRHUNDERTE GESCHICHTE<\/h1>\n<hr \/>\n<p style=\"text-align: justify;\">Etwa 5 km s\u00fcdwestlich von Colmar, von einem breiten Rebeng\u00fcrtel umr\u00e4ndert, am Fusse des &#8222;Schlossbergs&#8220;, liegt Eguisheim, das zu den \u00e4ltesten St\u00e4dtchen im Elsa\u00df geh\u00f6rt. Auf seinem Bann haben 1865 Grabungen aus der Vorgeschichte die ersten Spuren von Menschen, die dem Volkstamm der &#8222;Cro-Magnons&#8220; geh\u00f6ren, zu Tage gebracht. Diesem &#8222;Homo Egisheimiensis&#8220;, der im Museum von Colmar zu sehen ist, folgten andere Volksst\u00e4mme, welche die Fortschritte ihrer Zivilisation mitbrachten, wie es die vielen Gr\u00e4ber, die sich auf dem Bann von Eguisheim befinden, bezeugen. Nach den R\u00f6mern, die ein Lager am Eingang der dreitzeitigen Stadt anlegten, nahmen die Franken, Sieger \u00fcber die Alemannen, das Land an sich. In der Mitte des schmucken St\u00e4dtchens erhebt sich die Burg, die sich auf dem Standort einer ersten, wahrscheinlich aus Holtz gebauten Festung erhebt, welche um 720 durch den Grafen Eberhard, Enkel des Adalrichs, Elsassischer Landgraf, gegr\u00fcndet wurde. Die Nachkommen von Adalrich stehen im Familienverh\u00e4ltnis mit allen Herrscherh\u00e4usern Frankreichs und Deutschlands.<br \/>\nIm &#8222;Castrum Egenesheim&#8220;, das 1049 in der Bulle der goldene Rose erw\u00e4hnt wird, wurde 1002 Bruno, unter dem Namen von Heiligen Leo dem Neunten ber\u00fchmt geworden, der vielgereiste Papst, Kirchenreformator, Verfechter des Gottesfriedens geboren (1049-1054). Sein Vater Hugo der vierte war Graf des Nordgaus (Unterelsab); seine Mutter Heiwilge war die Erbin von Ludwig von Dagsburg (Dabo), die von den Grafen von Roucy-Reims, feinste Bl\u00fcte des franz\u00f6sischen Adels, abstammte. Hugo der Vierte bestimmte die Burg von Eguisheim als seinen Stiz und seine Nachkommen bezeichnen sich als Grafen von Eguisheim und Dabo. Die meist bekannten Personen unter Ihnen sind Hugo der Scheste (1089), Verfechter des Papstes im Investiturkampf und Albert der Zweite, unter dem Beinamen Falke von Dagsburg (1211) bezeichnet, Anh\u00e4nger von Otto dem Vierten gegen die Hohenstaufen, im Jahr 1198.<\/p>\n<p style=\"text-align: justify;\">Nach dem Tod der Gr\u00e4fin Gertrude im Jahr 1225 wird die Erbschaft von den Grafen von Pfird, nahen Verwandte gefordert, wird jedoch vom Bischof von Stra\u00dfurg, ebenfalls Verwandter aufgenommen. 1251 wird Eguisheim dem &#8222;Obermundat&#8220; von Rouffach einverleibt und der bisch\u00f6flische Schulthei\u00df hat seinen Sitz bis 1752 in der Burg Eguisheim. Die umliegenden Siedlungen werden aufgegeben. Die Gutsh\u00f6fe, die den Adligen, dem Bistum oder den vielen Abteien geh\u00f6rten, scharten sich um die gr\u00e4fliche Burg, hinter der inneren Wehrmauern. Die \u00e4ussere Wehrmauer sch\u00fctzt die Liegenschaften des Volkes. Die Tore der geschanzten Stadt werden in einer Schrift von 1257 erw\u00e4hnt. 1298 widersetzt sich die Stadt gegen die Belagerung von Kaiser Adolf von Nassau, sie wird jedoch um 1370\/1380 durch die &#8222;Engl\u00e4nder&#8220; gepl\u00fcndert und 1444 durch die &#8222;Armagnaken&#8220;, die von Thronfolger dem sp\u00e4teren Ludwig dem Elfeten gef\u00fchrt wurden, verw\u00fcstet. Eguisheim und seine Bev\u00f6lkerung erleiden alle Plagen, unter denen die Pest nicht die Geringste ist. In den Jahren 1557 und 1563 l\u00e4sst der Bischof zwei Brunnen anlegen. Zur zeit der Revolution wird die Burg als Nationalgut ver\u00e4ussert; der Bergfried verschwindet. Von 1790 bis 1802 ist Eguisheim Kreisstadt. Im 19ten Jahrhundert werden die vier Stadttore abgeschliffen; die romanische Kirche wird durch ein neues Kirchenschiff 1807\/1810 ersetzt; zum Gl\u00fcck ist der alte Glockenturm mit seinem Giebelfed aus dem 13ten Jahrhundert erhalten geblieben. Zwei neue Brunnen (1845 und 1841) schm\u00fccken die Pl\u00e4tze der Stadt, die vom technischen und beruflichen Fortschritt vorteilhaft ber\u00fchrt wird. Opfer der deutschen Eingliederung 1871 und 1940 hatte Eguisheim unter den letzten Kriegen wenig zu leiden und bietet somit dem Besucher sein urspr\u00fcngliches Aussehen.<\/p>\n<\/div><\/div><\/div><\/div><\/div><\/div><\/div><div class=\"w-separator size_large\"><\/div><\/div><\/div><\/div><\/div><\/div><\/section><section class=\"l-section wpb_row height_small color_custom\"><div class=\"l-section-overlay\" style=\"background:#d5dddf\"><\/div><div class=\"l-section-h i-cf\"><div class=\"g-cols vc_row via_flex valign_top type_default stacking_default\"><div class=\"vc_col-sm-12 wpb_column vc_column_container\"><div class=\"vc_column-inner\"><div class=\"wpb_wrapper\"><div class=\"wpb_text_column\"><div class=\"wpb_wrapper\"><h3 style=\"text-align: center;\">Im Herzen der els\u00e4ssischen Weinberge, in einer warmen Umgebung,<br \/>\nDie Residence Venus bietet m\u00f6blierte Apartments mit allem Komfort &#8230;<br \/>\nVermietung ganzj\u00e4hrig ab 2 N\u00e4chten.<\/h3>\n<\/div><\/div><\/div><\/div><\/div><\/div><\/div><\/section><section class=\"l-section wpb_row us_custom_19df264d height_small width_full color_secondary\"><div class=\"l-section-h i-cf\"><div class=\"g-cols vc_row via_flex valign_top type_default stacking_default\"><div class=\"vc_col-sm-2 wpb_column vc_column_container\"><div class=\"vc_column-inner\"><div class=\"wpb_wrapper\"><div class=\"w-image align_center\"><a ref=\"magnificPopup\" href=\"https:\/\/www.residence-venus.com\/wp-content\/uploads\/2019\/08\/residence-venus-gite-eguisheim-060.jpg\" aria-label=\"residence-venus-gite-eguisheim-060\" class=\"w-image-h\"><img decoding=\"async\" width=\"1280\" height=\"960\" src=\"https:\/\/www.residence-venus.com\/wp-content\/uploads\/2019\/08\/residence-venus-gite-eguisheim-060.jpg\" class=\"attachment-full size-full\" alt=\"\" loading=\"lazy\" srcset=\"https:\/\/www.residence-venus.com\/wp-content\/uploads\/2019\/08\/residence-venus-gite-eguisheim-060.jpg 1280w, https:\/\/www.residence-venus.com\/wp-content\/uploads\/2019\/08\/residence-venus-gite-eguisheim-060-300x225.jpg 300w, https:\/\/www.residence-venus.com\/wp-content\/uploads\/2019\/08\/residence-venus-gite-eguisheim-060-1024x768.jpg 1024w\" sizes=\"auto, (max-width: 1280px) 100vw, 1280px\" \/><\/a><\/div><\/div><\/div><\/div><div class=\"vc_col-sm-2 wpb_column vc_column_container\"><div class=\"vc_column-inner\"><div class=\"wpb_wrapper\"><div class=\"w-image align_center\"><a ref=\"magnificPopup\" href=\"https:\/\/www.residence-venus.com\/wp-content\/uploads\/2019\/08\/residence-venus-gite-eguisheim-027.jpg\" aria-label=\"residence-venus-gite-eguisheim-027\" class=\"w-image-h\"><img decoding=\"async\" width=\"1280\" height=\"960\" src=\"https:\/\/www.residence-venus.com\/wp-content\/uploads\/2019\/08\/residence-venus-gite-eguisheim-027.jpg\" class=\"attachment-full size-full\" alt=\"\" loading=\"lazy\" srcset=\"https:\/\/www.residence-venus.com\/wp-content\/uploads\/2019\/08\/residence-venus-gite-eguisheim-027.jpg 1280w, https:\/\/www.residence-venus.com\/wp-content\/uploads\/2019\/08\/residence-venus-gite-eguisheim-027-300x225.jpg 300w, https:\/\/www.residence-venus.com\/wp-content\/uploads\/2019\/08\/residence-venus-gite-eguisheim-027-1024x768.jpg 1024w\" sizes=\"auto, (max-width: 1280px) 100vw, 1280px\" \/><\/a><\/div><\/div><\/div><\/div><div class=\"vc_col-sm-2 wpb_column vc_column_container\"><div class=\"vc_column-inner\"><div class=\"wpb_wrapper\"><div class=\"w-image align_center\"><a ref=\"magnificPopup\" href=\"https:\/\/www.residence-venus.com\/wp-content\/uploads\/2019\/08\/residence-venus-gite-eguisheim-020.jpg\" aria-label=\"residence-venus-gite-eguisheim-020\" class=\"w-image-h\"><img decoding=\"async\" width=\"1280\" height=\"960\" src=\"https:\/\/www.residence-venus.com\/wp-content\/uploads\/2019\/08\/residence-venus-gite-eguisheim-020.jpg\" class=\"attachment-full size-full\" alt=\"\" loading=\"lazy\" srcset=\"https:\/\/www.residence-venus.com\/wp-content\/uploads\/2019\/08\/residence-venus-gite-eguisheim-020.jpg 1280w, https:\/\/www.residence-venus.com\/wp-content\/uploads\/2019\/08\/residence-venus-gite-eguisheim-020-300x225.jpg 300w, https:\/\/www.residence-venus.com\/wp-content\/uploads\/2019\/08\/residence-venus-gite-eguisheim-020-1024x768.jpg 1024w\" sizes=\"auto, (max-width: 1280px) 100vw, 1280px\" \/><\/a><\/div><\/div><\/div><\/div><div class=\"vc_col-sm-2 wpb_column vc_column_container\"><div class=\"vc_column-inner\"><div class=\"wpb_wrapper\"><div class=\"w-image align_center\"><a ref=\"magnificPopup\" href=\"https:\/\/www.residence-venus.com\/wp-content\/uploads\/2019\/08\/residence-venus-gite-eguisheim-024.jpg\" aria-label=\"residence-venus-gite-eguisheim-024\" class=\"w-image-h\"><img decoding=\"async\" width=\"1280\" height=\"960\" src=\"https:\/\/www.residence-venus.com\/wp-content\/uploads\/2019\/08\/residence-venus-gite-eguisheim-024.jpg\" class=\"attachment-full size-full\" alt=\"\" loading=\"lazy\" srcset=\"https:\/\/www.residence-venus.com\/wp-content\/uploads\/2019\/08\/residence-venus-gite-eguisheim-024.jpg 1280w, https:\/\/www.residence-venus.com\/wp-content\/uploads\/2019\/08\/residence-venus-gite-eguisheim-024-300x225.jpg 300w, https:\/\/www.residence-venus.com\/wp-content\/uploads\/2019\/08\/residence-venus-gite-eguisheim-024-1024x768.jpg 1024w\" sizes=\"auto, (max-width: 1280px) 100vw, 1280px\" \/><\/a><\/div><\/div><\/div><\/div><div class=\"vc_col-sm-2 wpb_column vc_column_container\"><div class=\"vc_column-inner\"><div class=\"wpb_wrapper\"><div class=\"w-image align_center\"><a ref=\"magnificPopup\" href=\"https:\/\/www.residence-venus.com\/wp-content\/uploads\/2019\/08\/residence-venus-gite-eguisheim-042.jpg\" aria-label=\"residence-venus-gite-eguisheim-042\" class=\"w-image-h\"><img decoding=\"async\" width=\"1280\" height=\"960\" src=\"https:\/\/www.residence-venus.com\/wp-content\/uploads\/2019\/08\/residence-venus-gite-eguisheim-042.jpg\" class=\"attachment-full size-full\" alt=\"\" loading=\"lazy\" srcset=\"https:\/\/www.residence-venus.com\/wp-content\/uploads\/2019\/08\/residence-venus-gite-eguisheim-042.jpg 1280w, https:\/\/www.residence-venus.com\/wp-content\/uploads\/2019\/08\/residence-venus-gite-eguisheim-042-300x225.jpg 300w, https:\/\/www.residence-venus.com\/wp-content\/uploads\/2019\/08\/residence-venus-gite-eguisheim-042-1024x768.jpg 1024w\" sizes=\"auto, (max-width: 1280px) 100vw, 1280px\" \/><\/a><\/div><\/div><\/div><\/div><div class=\"vc_col-sm-2 wpb_column vc_column_container\"><div class=\"vc_column-inner\"><div class=\"wpb_wrapper\"><div class=\"w-image align_center\"><a ref=\"magnificPopup\" href=\"https:\/\/www.residence-venus.com\/wp-content\/uploads\/2019\/08\/residence-venus-gite-eguisheim-013.jpg\" aria-label=\"residence-venus-gite-eguisheim-013\" class=\"w-image-h\"><img decoding=\"async\" width=\"1280\" height=\"960\" src=\"https:\/\/www.residence-venus.com\/wp-content\/uploads\/2019\/08\/residence-venus-gite-eguisheim-013.jpg\" class=\"attachment-full size-full\" alt=\"\" loading=\"lazy\" srcset=\"https:\/\/www.residence-venus.com\/wp-content\/uploads\/2019\/08\/residence-venus-gite-eguisheim-013.jpg 1280w, https:\/\/www.residence-venus.com\/wp-content\/uploads\/2019\/08\/residence-venus-gite-eguisheim-013-300x225.jpg 300w, https:\/\/www.residence-venus.com\/wp-content\/uploads\/2019\/08\/residence-venus-gite-eguisheim-013-1024x768.jpg 1024w\" sizes=\"auto, (max-width: 1280px) 100vw, 1280px\" \/><\/a><\/div><\/div><\/div><\/div><\/div><\/div><\/section><section class=\"l-section wpb_row height_small color_custom\"><div class=\"l-section-overlay\" style=\"background:#d5dddf\"><\/div><div class=\"l-section-h i-cf\"><div class=\"g-cols vc_row via_flex valign_top type_default stacking_default\"><div class=\"vc_col-sm-12 wpb_column vc_column_container\"><div class=\"vc_column-inner\"><div class=\"wpb_wrapper\"><div class=\"w-actionbox color_primary controls_right\"><div class=\"w-actionbox-text\"><h2 class=\"w-actionbox-title\">Entdecken Sie unsere Appartements ***<\/h2><\/div><div class=\"w-actionbox-controls\"><a class=\"w-btn us-btn-style_4\" title=\"Ferienh\u00e4user &amp; Ferienwohnungen in Eguisheim\" href=\"https:\/\/www.residence-venus.com\/de\/ferienhaeuser-ferienwohnungen-eguisheim\/\" style=\"font-size:1.2rem;\"><span class=\"w-btn-label\">Siehe Wohnungen<\/span><\/a><a class=\"w-btn us-btn-style_4\" title=\"Ferienh\u00e4usern Reservierung in Eguisheim\" href=\"https:\/\/www.residence-venus.com\/de\/ferienhausern-reservierung-eguisheim\/\" style=\"font-size:1.2rem;\"><span class=\"w-btn-label\">Buchen Sie eine Wohnung<\/span><\/a><\/div><\/div><\/div><\/div><\/div><\/div><\/div><\/section>\n","protected":false},"excerpt":{"rendered":"R&eacute;sidence&nbsp;V&eacute;nus EGUISHEIM Wiege des els\u00e4ssischen Weinberg Etwa 5 km s\u00fcdwestlich von Colmar, von einem breiten Rebeng\u00fcrtel umr\u00e4ndert, am Fusse des &#8222;Schlossbergs&#8220;, liegt Eguisheim, das zu den \u00e4ltesten St\u00e4dtchen im Elsa\u00df geh\u00f6rt&#8230; + ERFAHREN SIE MEHR \u00dcBER EGUISHEIM VILLAGE + EGUISHEIM &#8211; ZW\u00d6LF JAHRHUNDERTE GESCHICHTE Etwa 5 km s\u00fcdwestlich von Colmar, von einem breiten Rebeng\u00fcrtel umr\u00e4ndert,...","protected":false},"author":1,"featured_media":0,"parent":0,"menu_order":0,"comment_status":"closed","ping_status":"closed","template":"","meta":{"footnotes":""},"class_list":["post-7517","page","type-page","status-publish","hentry"],"_links":{"self":[{"href":"https:\/\/www.residence-venus.com\/de\/wp-json\/wp\/v2\/pages\/7517","targetHints":{"allow":["GET"]}}],"collection":[{"href":"https:\/\/www.residence-venus.com\/de\/wp-json\/wp\/v2\/pages"}],"about":[{"href":"https:\/\/www.residence-venus.com\/de\/wp-json\/wp\/v2\/types\/page"}],"author":[{"embeddable":true,"href":"https:\/\/www.residence-venus.com\/de\/wp-json\/wp\/v2\/users\/1"}],"replies":[{"embeddable":true,"href":"https:\/\/www.residence-venus.com\/de\/wp-json\/wp\/v2\/comments?post=7517"}],"version-history":[{"count":6,"href":"https:\/\/www.residence-venus.com\/de\/wp-json\/wp\/v2\/pages\/7517\/revisions"}],"predecessor-version":[{"id":7599,"href":"https:\/\/www.residence-venus.com\/de\/wp-json\/wp\/v2\/pages\/7517\/revisions\/7599"}],"wp:attachment":[{"href":"https:\/\/www.residence-venus.com\/de\/wp-json\/wp\/v2\/media?parent=7517"}],"curies":[{"name":"wp","href":"https:\/\/api.w.org\/{rel}","templated":true}]}}